{"id":71,"date":"2013-03-30T22:51:36","date_gmt":"2013-03-30T22:51:36","guid":{"rendered":"http:\/\/takano.ch\/wordpress\/?page_id=71"},"modified":"2013-03-31T22:59:04","modified_gmt":"2013-03-31T22:59:04","slug":"catering","status":"publish","type":"page","link":"https:\/\/takano.ch\/en\/catering\/","title":{"rendered":"Catering"},"content":{"rendered":"<p><img loading=\"lazy\" class=\"size-full wp-image-68 alignright\" title=\"Catering\" alt=\"Catering\" src=\"https:\/\/takano.ch\/wordpress\/wp-content\/uploads\/2012\/10\/catering.jpg\" width=\"188\" height=\"282\" \/>Planen Sie ein Betriebs- oder Weihnachtsessen? Organisieren Sie eine Firmen- oder Privatparty?<\/p>\n<p>Eine Sushi-Bar ist genau das Richtige, um Ihr Fest noch attraktiver zu machen. Ein echtes Erlebnis!<\/p>\n<p>Wir bieten vern\u00fcnftige Preise mit Erm\u00e4ssigung f\u00fcr Gruppen ab 20 Personen.<\/p>\n<p><a title=\"Contact | Reservation\" href=\"https:\/\/takano.ch\/en\/contact-reservation\/\">\u00bb Please get in touch<\/a><\/p>\n","protected":false},"excerpt":{"rendered":"<p>Planen Sie ein Betriebs- oder Weihnachtsessen? Organisieren Sie eine Firmen- oder Privatparty? Eine Sushi-Bar ist genau das Richtige, um Ihr Fest noch attraktiver zu machen. Ein echtes Erlebnis! Wir bieten vern\u00fcnftige Preise mit Erm\u00e4ssigung f\u00fcr Gruppen ab 20 Personen. \u00bb Please get in touch<\/p>\n","protected":false},"author":1,"featured_media":0,"parent":0,"menu_order":0,"comment_status":"closed","ping_status":"open","template":"","meta":[],"_links":{"self":[{"href":"https:\/\/takano.ch\/en\/wp-json\/wp\/v2\/pages\/71"}],"collection":[{"href":"https:\/\/takano.ch\/en\/wp-json\/wp\/v2\/pages"}],"about":[{"href":"https:\/\/takano.ch\/en\/wp-json\/wp\/v2\/types\/page"}],"author":[{"embeddable":true,"href":"https:\/\/takano.ch\/en\/wp-json\/wp\/v2\/users\/1"}],"replies":[{"embeddable":true,"href":"https:\/\/takano.ch\/en\/wp-json\/wp\/v2\/comments?post=71"}],"version-history":[{"count":6,"href":"https:\/\/takano.ch\/en\/wp-json\/wp\/v2\/pages\/71\/revisions"}],"predecessor-version":[{"id":300,"href":"https:\/\/takano.ch\/en\/wp-json\/wp\/v2\/pages\/71\/revisions\/300"}],"wp:attachment":[{"href":"https:\/\/takano.ch\/en\/wp-json\/wp\/v2\/media?parent=71"}],"curies":[{"name":"wp","href":"https:\/\/api.w.org\/{rel}","templated":true}]}}