{"id":72,"date":"2013-03-30T22:51:56","date_gmt":"2013-03-30T22:51:56","guid":{"rendered":"http:\/\/takano.ch\/wordpress\/?page_id=72"},"modified":"2013-03-31T22:59:45","modified_gmt":"2013-03-31T22:59:45","slug":"catering","status":"publish","type":"page","link":"https:\/\/takano.ch\/ja\/catering\/","title":{"rendered":"\u4ed5\u51fa\u3057\u7269"},"content":{"rendered":"<p><img loading=\"lazy\" class=\"size-full wp-image-68 alignright\" title=\"\u4ed5\u51fa\u3057\u7269\" alt=\"\u4ed5\u51fa\u3057\u7269\" src=\"https:\/\/takano.ch\/wordpress\/wp-content\/uploads\/2012\/10\/catering.jpg\" width=\"188\" height=\"282\" \/>Planen Sie ein Betriebs- oder Weihnachtsessen? Organisieren Sie eine Firmen- oder Privatparty?<\/p>\n<p>Eine Sushi-Bar ist genau das Richtige, um Ihr Fest noch attraktiver zu machen. Ein echtes Erlebnis!<\/p>\n<p>Wir bieten vern\u00fcnftige Preise mit Erm\u00e4ssigung f\u00fcr Gruppen ab 20 Personen.<\/p>\n<p><a title=\"\u30b3\u30f3\u30bf\u30af\u30c8\u30fb\u4e88\u7d04\" href=\"https:\/\/takano.ch\/ja\/contact-reservation\/\">\u00bb\u00a0Please get in touch<\/a><\/p>\n","protected":false},"excerpt":{"rendered":"<p>Planen Sie ein Betriebs- oder Weihnachtsessen? Organisieren Sie eine Firmen- oder Privatparty? Eine Sushi-Bar  [&hellip;]<\/p>\n","protected":false},"author":1,"featured_media":0,"parent":0,"menu_order":0,"comment_status":"closed","ping_status":"open","template":"","meta":[],"_links":{"self":[{"href":"https:\/\/takano.ch\/ja\/wp-json\/wp\/v2\/pages\/72"}],"collection":[{"href":"https:\/\/takano.ch\/ja\/wp-json\/wp\/v2\/pages"}],"about":[{"href":"https:\/\/takano.ch\/ja\/wp-json\/wp\/v2\/types\/page"}],"author":[{"embeddable":true,"href":"https:\/\/takano.ch\/ja\/wp-json\/wp\/v2\/users\/1"}],"replies":[{"embeddable":true,"href":"https:\/\/takano.ch\/ja\/wp-json\/wp\/v2\/comments?post=72"}],"version-history":[{"count":3,"href":"https:\/\/takano.ch\/ja\/wp-json\/wp\/v2\/pages\/72\/revisions"}],"predecessor-version":[{"id":301,"href":"https:\/\/takano.ch\/ja\/wp-json\/wp\/v2\/pages\/72\/revisions\/301"}],"wp:attachment":[{"href":"https:\/\/takano.ch\/ja\/wp-json\/wp\/v2\/media?parent=72"}],"curies":[{"name":"wp","href":"https:\/\/api.w.org\/{rel}","templated":true}]}}